{"id":101,"date":"2025-08-20T10:22:36","date_gmt":"2025-08-20T10:22:36","guid":{"rendered":"https:\/\/casamedieval.pt\/?page_id=101"},"modified":"2025-11-18T21:59:58","modified_gmt":"2025-11-18T21:59:58","slug":"home","status":"publish","type":"page","link":"https:\/\/casamedieval.pt\/","title":{"rendered":"principal"},"content":{"rendered":"\n<div class=\"wp-block-columns is-layout-flex wp-container-core-columns-is-layout-9d6595d7 wp-block-columns-is-layout-flex\">\n<div class=\"wp-block-column is-layout-flow wp-block-column-is-layout-flow\" style=\"flex-basis:100%\">\n<details class=\"wp-block-details is-layout-flow wp-block-details-is-layout-flow\"><summary>descri\u00e7\u00e3o do alojamento<\/summary>\n<div class=\"wp-block-group\"><div class=\"wp-block-group__inner-container is-layout-constrained wp-block-group-is-layout-constrained\">\n<p class=\"has-text-align-left\">O alojamento est\u00e1 localizado no Centro Hist\u00f3rico de Nisa, no centro da vila, perto de tudo, dos servi\u00e7os p\u00fablicos e do com\u00e9rcio em geral.<\/p>\n<\/div><\/div>\n<\/details>\n<\/div>\n<\/div>\n\n\n\n<p>A pequena casa tem o b\u00e1sico para uma estadia tempor\u00e1ria.<\/p>\n\n\n\n<p>Constitu\u00edda por dois pisos e mezanino, \u00e1rea de constru\u00e7\u00e3o de cerca de 40m2. A entrada a nascente no piso t\u00e9rreo, cozinha  \/ sala de refei\u00e7\u00f5es, por detr\u00e1s a instala\u00e7\u00e3o sanit\u00e1ria.<\/p>\n\n\n\n<p>No primeiro andar a sala \/ est\u00fadio com sof\u00e1 cama, cama individual, mesa e secret\u00e1ria. Da\u00ed partem as escadas para a mezanino, suspensa no espa\u00e7o com cama para duas pessoas.<\/p>\n\n\n\n<p>V\u00e3os para o exterior, porta de entrada.  Janela para nascente no piso 1 e janela de s\u00f3t\u00e3o no telhado, mezanino.<\/p>\n\n\n\n<p>Por se tratar de um \u201copen space\u201d \u00e9 indicada para um, ou dois h\u00f3spedes. Para dois adultos e duas crian\u00e7as, para fam\u00edlias. A lota\u00e7\u00e3o m\u00e1xima \u00e9 de quatro pessoas. O pre\u00e7o base \u00e9 para duas pessoas, uma menos 20%, varia consoante o numero de pessoas, se s\u00e3o adultos ou crian\u00e7as.<\/p>\n\n\n\n<p>Pela sustentabilidade ambiental \u2013 a habita\u00e7\u00e3o foi objecto de reabilita\u00e7\u00e3o com t\u00e9cnicas e materiais amigos do ambiente. A madeira predomina na constru\u00e7\u00e3o, nas divis\u00f3rias, nos pisos, nas escadas, com excep\u00e7\u00e3o do piso t\u00e9rreo em tijoleira cer\u00e2mica.<\/p>\n\n\n\n<p>Uma das experi\u00eancias, que pode vivenciar \u00e9 acordar ao som dos sinos da pacifica vila.<\/p>\n\n\n\n<figure class=\"wp-block-gallery aligncenter has-nested-images columns-default is-cropped wp-block-gallery-1 is-layout-flex wp-block-gallery-is-layout-flex\">\n<figure class=\"wp-block-image size-large\"><img loading=\"lazy\" decoding=\"async\" width=\"1024\" height=\"578\" data-id=\"201\" src=\"https:\/\/casamedieval.pt\/wp-content\/uploads\/2025\/08\/delimitacao_casa_neon-1024x578.jpg\" alt=\"\" class=\"wp-image-201\" srcset=\"https:\/\/casamedieval.pt\/wp-content\/uploads\/2025\/08\/delimitacao_casa_neon-1024x578.jpg 1024w, https:\/\/casamedieval.pt\/wp-content\/uploads\/2025\/08\/delimitacao_casa_neon-300x169.jpg 300w, https:\/\/casamedieval.pt\/wp-content\/uploads\/2025\/08\/delimitacao_casa_neon-768x433.jpg 768w, https:\/\/casamedieval.pt\/wp-content\/uploads\/2025\/08\/delimitacao_casa_neon-1536x866.jpg 1536w, https:\/\/casamedieval.pt\/wp-content\/uploads\/2025\/08\/delimitacao_casa_neon-2048x1155.jpg 2048w\" sizes=\"auto, (max-width: 767px) 89vw, (max-width: 1000px) 54vw, (max-width: 1071px) 543px, 580px\" \/><\/figure>\n<\/figure>\n\n\n\n<p><\/p>\n\n\n<div class=\"wp-block-image\">\n<figure class=\"aligncenter size-large\"><img loading=\"lazy\" decoding=\"async\" width=\"1024\" height=\"576\" src=\"https:\/\/casamedieval.pt\/wp-content\/uploads\/2025\/11\/IMG_4321-1024x576.jpeg\" alt=\"\" class=\"wp-image-322\" srcset=\"https:\/\/casamedieval.pt\/wp-content\/uploads\/2025\/11\/IMG_4321-1024x576.jpeg 1024w, https:\/\/casamedieval.pt\/wp-content\/uploads\/2025\/11\/IMG_4321-300x169.jpeg 300w, https:\/\/casamedieval.pt\/wp-content\/uploads\/2025\/11\/IMG_4321-768x432.jpeg 768w, https:\/\/casamedieval.pt\/wp-content\/uploads\/2025\/11\/IMG_4321-1536x864.jpeg 1536w, https:\/\/casamedieval.pt\/wp-content\/uploads\/2025\/11\/IMG_4321-2048x1152.jpeg 2048w\" sizes=\"auto, (max-width: 767px) 89vw, (max-width: 1000px) 54vw, (max-width: 1071px) 543px, 580px\" \/><figcaption class=\"wp-element-caption\">mezanino<\/figcaption><\/figure>\n<\/div>\n\n<div class=\"wp-block-image\">\n<figure class=\"aligncenter size-large\"><img loading=\"lazy\" decoding=\"async\" width=\"1024\" height=\"576\" src=\"https:\/\/casamedieval.pt\/wp-content\/uploads\/2025\/08\/IMG_3924-1024x576.jpg\" alt=\"\" class=\"wp-image-227\" srcset=\"https:\/\/casamedieval.pt\/wp-content\/uploads\/2025\/08\/IMG_3924-1024x576.jpg 1024w, https:\/\/casamedieval.pt\/wp-content\/uploads\/2025\/08\/IMG_3924-300x169.jpg 300w, https:\/\/casamedieval.pt\/wp-content\/uploads\/2025\/08\/IMG_3924-768x432.jpg 768w, https:\/\/casamedieval.pt\/wp-content\/uploads\/2025\/08\/IMG_3924-1536x864.jpg 1536w, https:\/\/casamedieval.pt\/wp-content\/uploads\/2025\/08\/IMG_3924-2048x1152.jpg 2048w\" sizes=\"auto, (max-width: 767px) 89vw, (max-width: 1000px) 54vw, (max-width: 1071px) 543px, 580px\" \/><figcaption class=\"wp-element-caption\">est\u00fadio, vista para nascente, rua<\/figcaption><\/figure>\n<\/div>\n\n<div class=\"wp-block-image\">\n<figure class=\"aligncenter size-large\"><img loading=\"lazy\" decoding=\"async\" width=\"1024\" height=\"576\" src=\"https:\/\/casamedieval.pt\/wp-content\/uploads\/2025\/08\/IMG_3928-1024x576.jpg\" alt=\"\" class=\"wp-image-229\" srcset=\"https:\/\/casamedieval.pt\/wp-content\/uploads\/2025\/08\/IMG_3928-1024x576.jpg 1024w, https:\/\/casamedieval.pt\/wp-content\/uploads\/2025\/08\/IMG_3928-300x169.jpg 300w, https:\/\/casamedieval.pt\/wp-content\/uploads\/2025\/08\/IMG_3928-768x432.jpg 768w, https:\/\/casamedieval.pt\/wp-content\/uploads\/2025\/08\/IMG_3928-1536x864.jpg 1536w, https:\/\/casamedieval.pt\/wp-content\/uploads\/2025\/08\/IMG_3928-2048x1152.jpg 2048w\" sizes=\"auto, (max-width: 767px) 89vw, (max-width: 1000px) 54vw, (max-width: 1071px) 543px, 580px\" \/><figcaption class=\"wp-element-caption\">sof\u00e1 cama<\/figcaption><\/figure>\n<\/div>\n\n<div class=\"wp-block-image\">\n<figure class=\"aligncenter size-large\"><img loading=\"lazy\" decoding=\"async\" width=\"1024\" height=\"576\" src=\"https:\/\/casamedieval.pt\/wp-content\/uploads\/2025\/08\/IMG_3935-1024x576.jpg\" alt=\"\" class=\"wp-image-230\" srcset=\"https:\/\/casamedieval.pt\/wp-content\/uploads\/2025\/08\/IMG_3935-1024x576.jpg 1024w, https:\/\/casamedieval.pt\/wp-content\/uploads\/2025\/08\/IMG_3935-300x169.jpg 300w, https:\/\/casamedieval.pt\/wp-content\/uploads\/2025\/08\/IMG_3935-768x432.jpg 768w, https:\/\/casamedieval.pt\/wp-content\/uploads\/2025\/08\/IMG_3935-1536x864.jpg 1536w, https:\/\/casamedieval.pt\/wp-content\/uploads\/2025\/08\/IMG_3935-2048x1152.jpg 2048w\" sizes=\"auto, (max-width: 767px) 89vw, (max-width: 1000px) 54vw, (max-width: 1071px) 543px, 580px\" \/><figcaption class=\"wp-element-caption\">sala de refei\u00e7\u00f5es \/ cozinha<\/figcaption><\/figure>\n<\/div>\n\n<div class=\"wp-block-image\">\n<figure class=\"aligncenter size-large\"><img loading=\"lazy\" decoding=\"async\" width=\"1024\" height=\"576\" src=\"https:\/\/casamedieval.pt\/wp-content\/uploads\/2025\/08\/IMG_3941-1024x576.jpg\" alt=\"\" class=\"wp-image-231\" srcset=\"https:\/\/casamedieval.pt\/wp-content\/uploads\/2025\/08\/IMG_3941-1024x576.jpg 1024w, https:\/\/casamedieval.pt\/wp-content\/uploads\/2025\/08\/IMG_3941-300x169.jpg 300w, https:\/\/casamedieval.pt\/wp-content\/uploads\/2025\/08\/IMG_3941-768x432.jpg 768w, https:\/\/casamedieval.pt\/wp-content\/uploads\/2025\/08\/IMG_3941-1536x864.jpg 1536w, https:\/\/casamedieval.pt\/wp-content\/uploads\/2025\/08\/IMG_3941-2048x1152.jpg 2048w\" sizes=\"auto, (max-width: 767px) 89vw, (max-width: 1000px) 54vw, (max-width: 1071px) 543px, 580px\" \/><figcaption class=\"wp-element-caption\">mesa para refei\u00e7\u00f5es \/ cozinha<\/figcaption><\/figure>\n<\/div>\n\n\n<figure class=\"wp-block-image size-full\"><img loading=\"lazy\" decoding=\"async\" width=\"2560\" height=\"1440\" src=\"https:\/\/casamedieval.pt\/wp-content\/uploads\/2025\/08\/IMG_3936-scaled.jpg\" alt=\"\" class=\"wp-image-232\" srcset=\"https:\/\/casamedieval.pt\/wp-content\/uploads\/2025\/08\/IMG_3936-scaled.jpg 2560w, https:\/\/casamedieval.pt\/wp-content\/uploads\/2025\/08\/IMG_3936-300x169.jpg 300w, https:\/\/casamedieval.pt\/wp-content\/uploads\/2025\/08\/IMG_3936-1024x576.jpg 1024w, https:\/\/casamedieval.pt\/wp-content\/uploads\/2025\/08\/IMG_3936-768x432.jpg 768w, https:\/\/casamedieval.pt\/wp-content\/uploads\/2025\/08\/IMG_3936-1536x864.jpg 1536w, https:\/\/casamedieval.pt\/wp-content\/uploads\/2025\/08\/IMG_3936-2048x1152.jpg 2048w\" sizes=\"auto, (max-width: 767px) 89vw, (max-width: 1000px) 54vw, (max-width: 1071px) 543px, 580px\" \/><figcaption class=\"wp-element-caption\">apoio a refei\u00e7\u00f5es ligeiras<\/figcaption><\/figure>\n\n\n\n<figure class=\"wp-block-image size-large\"><img loading=\"lazy\" decoding=\"async\" width=\"1024\" height=\"576\" src=\"https:\/\/casamedieval.pt\/wp-content\/uploads\/2025\/08\/IMG_3938-1024x576.jpg\" alt=\"\" class=\"wp-image-233\" srcset=\"https:\/\/casamedieval.pt\/wp-content\/uploads\/2025\/08\/IMG_3938-1024x576.jpg 1024w, https:\/\/casamedieval.pt\/wp-content\/uploads\/2025\/08\/IMG_3938-300x169.jpg 300w, https:\/\/casamedieval.pt\/wp-content\/uploads\/2025\/08\/IMG_3938-768x432.jpg 768w, https:\/\/casamedieval.pt\/wp-content\/uploads\/2025\/08\/IMG_3938-1536x864.jpg 1536w, https:\/\/casamedieval.pt\/wp-content\/uploads\/2025\/08\/IMG_3938-2048x1152.jpg 2048w\" sizes=\"auto, (max-width: 767px) 89vw, (max-width: 1000px) 54vw, (max-width: 1071px) 543px, 580px\" \/><figcaption class=\"wp-element-caption\">instala\u00e7\u00e3o sanit\u00e1ria<\/figcaption><\/figure>\n\n\n<div class=\"wp-block-image\">\n<figure class=\"aligncenter size-large\"><img loading=\"lazy\" decoding=\"async\" width=\"1024\" height=\"724\" src=\"https:\/\/casamedieval.pt\/wp-content\/uploads\/2025\/08\/planta-casa-8-Model-1-1024x724.jpg\" alt=\"\" class=\"wp-image-209\" srcset=\"https:\/\/casamedieval.pt\/wp-content\/uploads\/2025\/08\/planta-casa-8-Model-1-1024x724.jpg 1024w, https:\/\/casamedieval.pt\/wp-content\/uploads\/2025\/08\/planta-casa-8-Model-1-300x212.jpg 300w, https:\/\/casamedieval.pt\/wp-content\/uploads\/2025\/08\/planta-casa-8-Model-1-768x543.jpg 768w, https:\/\/casamedieval.pt\/wp-content\/uploads\/2025\/08\/planta-casa-8-Model-1-1536x1085.jpg 1536w, https:\/\/casamedieval.pt\/wp-content\/uploads\/2025\/08\/planta-casa-8-Model-1-2048x1447.jpg 2048w\" sizes=\"auto, (max-width: 767px) 89vw, (max-width: 1000px) 54vw, (max-width: 1071px) 543px, 580px\" \/><figcaption class=\"wp-element-caption\">desenho t\u00e9cnico<\/figcaption><\/figure>\n<\/div>\n\n\n<figure class=\"wp-block-gallery has-nested-images columns-default is-cropped wp-block-gallery-2 is-layout-flex wp-block-gallery-is-layout-flex\">\n<figure class=\"wp-block-image size-large\"><img loading=\"lazy\" decoding=\"async\" width=\"1024\" height=\"576\" data-id=\"297\" src=\"https:\/\/casamedieval.pt\/wp-content\/uploads\/2025\/09\/WhatsApp-Image-2025-09-24-at-08.29.03-7-1-1024x576.jpeg\" alt=\"\" class=\"wp-image-297\" srcset=\"https:\/\/casamedieval.pt\/wp-content\/uploads\/2025\/09\/WhatsApp-Image-2025-09-24-at-08.29.03-7-1-1024x576.jpeg 1024w, https:\/\/casamedieval.pt\/wp-content\/uploads\/2025\/09\/WhatsApp-Image-2025-09-24-at-08.29.03-7-1-300x169.jpeg 300w, https:\/\/casamedieval.pt\/wp-content\/uploads\/2025\/09\/WhatsApp-Image-2025-09-24-at-08.29.03-7-1-768x432.jpeg 768w, https:\/\/casamedieval.pt\/wp-content\/uploads\/2025\/09\/WhatsApp-Image-2025-09-24-at-08.29.03-7-1-1536x864.jpeg 1536w, https:\/\/casamedieval.pt\/wp-content\/uploads\/2025\/09\/WhatsApp-Image-2025-09-24-at-08.29.03-7-1.jpeg 1600w\" sizes=\"auto, (max-width: 767px) 89vw, (max-width: 1000px) 54vw, (max-width: 1071px) 543px, 580px\" \/><figcaption class=\"wp-element-caption\"><br><br><br><br><br><br><br><br><\/figcaption><\/figure>\n<\/figure>\n\n\n\n<p class=\"has-text-align-center\"><br>possibilidade de configura\u00e7\u00e3o duas camas individuais na sala \/est\u00fadio<\/p>\n\n\n\n<p><\/p>\n\n\n","protected":false},"excerpt":{"rendered":"<p>A pequena casa tem o b\u00e1sico para uma estadia tempor\u00e1ria. Constitu\u00edda por dois pisos e mezanino, \u00e1rea de constru\u00e7\u00e3o de cerca de 40m2. A entrada a nascente no piso t\u00e9rreo, cozinha \/ sala de refei\u00e7\u00f5es, por detr\u00e1s a instala\u00e7\u00e3o sanit\u00e1ria. No primeiro andar a sala \/ est\u00fadio com sof\u00e1 cama, cama individual, mesa e secret\u00e1ria. &hellip; <\/p>\n<p class=\"link-more\"><a href=\"https:\/\/casamedieval.pt\/\" class=\"more-link\">Continuar a ler <span class=\"screen-reader-text\">&#8220;principal&#8221;<\/span><\/a><\/p>\n","protected":false},"author":1,"featured_media":53,"parent":0,"menu_order":0,"comment_status":"closed","ping_status":"closed","template":"","meta":{"footnotes":"[]"},"class_list":["post-101","page","type-page","status-publish","has-post-thumbnail","hentry"],"_links":{"self":[{"href":"https:\/\/casamedieval.pt\/index.php\/wp-json\/wp\/v2\/pages\/101","targetHints":{"allow":["GET"]}}],"collection":[{"href":"https:\/\/casamedieval.pt\/index.php\/wp-json\/wp\/v2\/pages"}],"about":[{"href":"https:\/\/casamedieval.pt\/index.php\/wp-json\/wp\/v2\/types\/page"}],"author":[{"embeddable":true,"href":"https:\/\/casamedieval.pt\/index.php\/wp-json\/wp\/v2\/users\/1"}],"replies":[{"embeddable":true,"href":"https:\/\/casamedieval.pt\/index.php\/wp-json\/wp\/v2\/comments?post=101"}],"version-history":[{"count":39,"href":"https:\/\/casamedieval.pt\/index.php\/wp-json\/wp\/v2\/pages\/101\/revisions"}],"predecessor-version":[{"id":324,"href":"https:\/\/casamedieval.pt\/index.php\/wp-json\/wp\/v2\/pages\/101\/revisions\/324"}],"wp:featuredmedia":[{"embeddable":true,"href":"https:\/\/casamedieval.pt\/index.php\/wp-json\/wp\/v2\/media\/53"}],"wp:attachment":[{"href":"https:\/\/casamedieval.pt\/index.php\/wp-json\/wp\/v2\/media?parent=101"}],"curies":[{"name":"wp","href":"https:\/\/api.w.org\/{rel}","templated":true}]}}