{"id":155,"date":"2025-08-21T13:24:39","date_gmt":"2025-08-21T13:24:39","guid":{"rendered":"https:\/\/casamedieval.pt\/?page_id=155"},"modified":"2025-10-07T15:04:28","modified_gmt":"2025-10-07T15:04:28","slug":"horta-al-tarabau","status":"publish","type":"page","link":"https:\/\/casamedieval.pt\/index.php\/horta-al-tarabau\/","title":{"rendered":"pre\u00e7o \/noite"},"content":{"rendered":"\n<figure class=\"wp-block-table\"><table class=\"has-fixed-layout\"><tbody><tr><td>1 h\u00f3spede adulto cama individual<\/td><td>\u20ac48<\/td><\/tr><tr><td>2 h\u00f3spedes adultos<\/td><td>\u20ac60<\/td><\/tr><tr><td>2 adultos e 2 crian\u00e7as (at\u00e9 13 anos)<\/td><td>\u20ac80<\/td><\/tr><tr><td>animal de estima\u00e7\u00e3o (c\u00e3es e gatos)<\/td><td>\u20ac10<\/td><\/tr><tr><td>bicicletas<\/td><td>gratuitas<\/td><\/tr><\/tbody><\/table><\/figure>\n\n\n\n<p>entrada a partir das 17H &#8211; sa\u00edda at\u00e9 \u00e1s 11H<\/p>\n\n\n\n<p><\/p>\n","protected":false},"excerpt":{"rendered":"<p>1 h\u00f3spede adulto cama individual \u20ac48 2 h\u00f3spedes adultos \u20ac60 2 adultos e 2 crian\u00e7as (at\u00e9 13 anos) \u20ac80 animal de estima\u00e7\u00e3o (c\u00e3es e gatos) \u20ac10 bicicletas gratuitas entrada a partir das 17H &#8211; sa\u00edda at\u00e9 \u00e1s 11H<\/p>\n","protected":false},"author":1,"featured_media":0,"parent":0,"menu_order":0,"comment_status":"closed","ping_status":"closed","template":"","meta":{"footnotes":""},"class_list":["post-155","page","type-page","status-publish","hentry"],"_links":{"self":[{"href":"https:\/\/casamedieval.pt\/index.php\/wp-json\/wp\/v2\/pages\/155","targetHints":{"allow":["GET"]}}],"collection":[{"href":"https:\/\/casamedieval.pt\/index.php\/wp-json\/wp\/v2\/pages"}],"about":[{"href":"https:\/\/casamedieval.pt\/index.php\/wp-json\/wp\/v2\/types\/page"}],"author":[{"embeddable":true,"href":"https:\/\/casamedieval.pt\/index.php\/wp-json\/wp\/v2\/users\/1"}],"replies":[{"embeddable":true,"href":"https:\/\/casamedieval.pt\/index.php\/wp-json\/wp\/v2\/comments?post=155"}],"version-history":[{"count":6,"href":"https:\/\/casamedieval.pt\/index.php\/wp-json\/wp\/v2\/pages\/155\/revisions"}],"predecessor-version":[{"id":321,"href":"https:\/\/casamedieval.pt\/index.php\/wp-json\/wp\/v2\/pages\/155\/revisions\/321"}],"wp:attachment":[{"href":"https:\/\/casamedieval.pt\/index.php\/wp-json\/wp\/v2\/media?parent=155"}],"curies":[{"name":"wp","href":"https:\/\/api.w.org\/{rel}","templated":true}]}}